{"id":4965,"date":"2026-03-23T13:28:13","date_gmt":"2026-03-23T13:28:13","guid":{"rendered":"https:\/\/parfumsescobar.com\/product\/plomo\/"},"modified":"2026-05-07T11:15:05","modified_gmt":"2026-05-07T11:15:05","slug":"plomo","status":"publish","type":"product","link":"https:\/\/parfumsescobar.com\/fr\/produit\/plomo\/","title":{"rendered":"Plomo"},"content":{"rendered":"<h3>\nPouvoir de S\u00e9duction.<br \/>\nExceptionnel\u2026<br \/>\n<\/h3>\n<p>&nbsp;<\/p>\n<p>Un parfum pour les deux, un m\u00e9lange unisexe chaleureux pour les grandes occasions. Puissant et subtil, voluptueux et raffin\u00e9. Le parfum id\u00e9al d\u2019une nuit somptueuse.  <\/p>\n","protected":false},"excerpt":{"rendered":"<p>Une composition raffin\u00e9e qui s\u2019ouvre sur des notes enveloppantes, se d\u00e9ploie dans une profondeur florale soyeuse, puis s\u2019installe dans un sillage riche et sophistiqu\u00e9 d\u2019une \u00e9l\u00e9gance durable.<\/p>\n","protected":false},"featured_media":4278,"comment_status":"open","ping_status":"closed","template":"","meta":{"_acf_changed":false,"_angie_page":false},"product_brand":[],"product_cat":[91],"product_tag":[],"class_list":{"0":"post-4965","1":"product","2":"type-product","3":"status-publish","4":"has-post-thumbnail","6":"product_cat-non-classe","8":"first","9":"instock","10":"shipping-taxable","11":"purchasable","12":"product-type-simple"},"acf":[],"_links":{"self":[{"href":"https:\/\/parfumsescobar.com\/fr\/wp-json\/wp\/v2\/product\/4965","targetHints":{"allow":["GET"]}}],"collection":[{"href":"https:\/\/parfumsescobar.com\/fr\/wp-json\/wp\/v2\/product"}],"about":[{"href":"https:\/\/parfumsescobar.com\/fr\/wp-json\/wp\/v2\/types\/product"}],"replies":[{"embeddable":true,"href":"https:\/\/parfumsescobar.com\/fr\/wp-json\/wp\/v2\/comments?post=4965"}],"version-history":[{"count":0,"href":"https:\/\/parfumsescobar.com\/fr\/wp-json\/wp\/v2\/product\/4965\/revisions"}],"wp:featuredmedia":[{"embeddable":true,"href":"https:\/\/parfumsescobar.com\/fr\/wp-json\/wp\/v2\/media\/4278"}],"wp:attachment":[{"href":"https:\/\/parfumsescobar.com\/fr\/wp-json\/wp\/v2\/media?parent=4965"}],"wp:term":[{"taxonomy":"product_brand","embeddable":true,"href":"https:\/\/parfumsescobar.com\/fr\/wp-json\/wp\/v2\/product_brand?post=4965"},{"taxonomy":"product_cat","embeddable":true,"href":"https:\/\/parfumsescobar.com\/fr\/wp-json\/wp\/v2\/product_cat?post=4965"},{"taxonomy":"product_tag","embeddable":true,"href":"https:\/\/parfumsescobar.com\/fr\/wp-json\/wp\/v2\/product_tag?post=4965"}],"curies":[{"name":"wp","href":"https:\/\/api.w.org\/{rel}","templated":true}]}}